{"id":13335,"date":"2026-01-19T16:35:01","date_gmt":"2026-01-19T15:35:01","guid":{"rendered":"https:\/\/www.anialosinger.com\/references-2\/"},"modified":"2026-01-19T16:42:44","modified_gmt":"2026-01-19T15:42:44","slug":"references-2","status":"publish","type":"page","link":"https:\/\/www.anialosinger.com\/en\/references-2\/","title":{"rendered":"References"},"content":{"rendered":"<p>[et_pb_section fb_built=&#8221;1&#8243; admin_label=&#8221;section&#8221; _builder_version=&#8221;4.16&#8243; global_colors_info=&#8221;{}&#8221; theme_builder_area=&#8221;post_content&#8221;][et_pb_row admin_label=&#8221;row&#8221; _builder_version=&#8221;4.16&#8243; background_size=&#8221;initial&#8221; background_position=&#8221;top_left&#8221; background_repeat=&#8221;repeat&#8221; global_colors_info=&#8221;{}&#8221; theme_builder_area=&#8221;post_content&#8221;][et_pb_column type=&#8221;4_4&#8243; _builder_version=&#8221;4.16&#8243; custom_padding=&#8221;|||&#8221; global_colors_info=&#8221;{}&#8221; custom_padding__hover=&#8221;|||&#8221; theme_builder_area=&#8221;post_content&#8221;][et_pb_heading title=&#8221;References&#8221; _builder_version=&#8221;4.27.5&#8243; _module_preset=&#8221;default&#8221; title_font_size=&#8221;40px&#8221; global_colors_info=&#8221;{}&#8221; theme_builder_area=&#8221;post_content&#8221;][\/et_pb_heading][et_pb_text _builder_version=&#8221;4.16&#8243; background_size=&#8221;initial&#8221; background_position=&#8221;top_left&#8221; background_repeat=&#8221;repeat&#8221; global_colors_info=&#8221;{}&#8221; theme_builder_area=&#8221;post_content&#8221;]<\/p>\n<h6>SWITZERLAND<\/h6>\n<p>Jazzfestival Willisau<br \/>\nJazzfestival Cully<br \/>\nJazzfestival Schaffhausen<br \/>\nBeJazzfestival Bern<br \/>\nOrbital Garden Bern<br \/>\nKulturcasino Bern<br \/>\nFrench Church Bern<br \/>\nDampfzentrale Bern<br \/>\nZentrum Paul Klee Bern<br \/>\nKaufleuten Z\u00fcrich<br \/>\nMoods Z\u00fcrich<br \/>\nTheaterspektakel Z\u00fcrich<br \/>\nMusikfestwoche Meiringen<br \/>\nDavos Musikfestival<br \/>\nFestival Flimsklang<br \/>\nKKL Luzern<br \/>\nKleintheater Luzern<br \/>\nFestival de la Cit\u00e9 Lausanne<br \/>\nLe Royal Tavannes<br \/>\nTheater am Stadtgarten Winterthur<br \/>\nTheater am Gleis Winterthur<br \/>\nSchlosskonzerte Thun<br \/>\nNatural Sound Open Air Kiental<br \/>\nKultur- und Kongresshaus Aarau<br \/>\nArtists in Residence Teatro San Materno Ascona<br \/>\nTanzZeit Festival Chur<br \/>\nMuseum Franz Gertsch Burgdorf<br \/>\nExpo 02 Murten<\/p>\n<h6>GERMANY<\/h6>\n<p>Traumzeit Festival Duisburg<br \/>\nFestival Across the Borders Aachen<br \/>\nBundeskunsthalle Bonn<br \/>\nMoers Festival<br \/>\nFolk-Music Festival Rudolstadt<br \/>\nSchleswig Holstein Musikfestival Wotersen<br \/>\nMusik in den H\u00e4usern der Stadt K\u00f6ln<br \/>\nWomen in Jazz Halle<br \/>\nFestival Europ\u00e4ischer Kirchenmusik Schw\u00e4bisch Gm\u00fcnd<br \/>\nOpening Festival Trier<br \/>\nFestival Ulmer Zelt<br \/>\nDas Fest Karlsruhe<br \/>\nARD-H\u00f6rspieltage Karlsruhe<br \/>\nMusik zwischen den Welten Dresden<br \/>\nJazz- &amp; Klassiktage T\u00fcbingen<br \/>\nMinimal Music Festival Kassel<br \/>\nMittelrhein Musikfestival Koblenz<br \/>\nJazzfestival G\u00f6rlitz<br \/>\nTanzhaus NRW<br \/>\nJazzfestival Schweinfurt<br \/>\nRhythmikfestival Esslingen<br \/>\nEurop\u00e4ischer Kultursommer Fellbach<br \/>\nHerbstlaub Vilshofen<br \/>\nMinoritenkirche Regensburg<\/p>\n<h6>ITALY<\/h6>\n<p>Festival Isole che parlano Palau, Sardinien<br \/>\nAerea Sismica, Forli<br \/>\nFestival Lugocontemporanea Lugo<br \/>\nCorposamente Drome Festival Ravenna<\/p>\n<h6>AUSTRIA<\/h6>\n<p>Festival Wien Modern<br \/>\nMozarteum Salzburg<br \/>\nAvantgarde Festival Tirol<\/p>\n<h6><strong>LITHUANIA<\/strong><\/h6>\n<p>Pazaislis Music Festival Kaunas<br \/>\nChristopher Summer Festival Vilnius<\/p>\n<h6><strong>BELGIUM<\/strong><\/h6>\n<p>Art Centre Vooruit Gent<br \/>\nMuziekfestival Bijloke Gent<br \/>\nOorsmeer Festival Flemish Opera Gent<br \/>\nSpinrag Festival Cultuurcentrum Kortrijk<br \/>\nF\u00eate des artistes Chassepierre<\/p>\n<h6><strong>NETHERLANDS<\/strong><\/h6>\n<p>Stubnitz Amsterdam<br \/>\nEtcetera Festival Amersfoort<br \/>\nCity-Theater Leeuwarden<\/p>\n<h6><strong>LUXEMBOURG<\/strong><\/h6>\n<p>Philharmonie Luxembourg<\/p>\n<h6><strong>POLAND<\/strong><\/h6>\n<p>Audio Art Festival Krakau\/Warschau<\/p>\n<h6><strong>FRANCE<\/strong><\/h6>\n<p>Op\u00e9ra de Lille<\/p>\n<h6><strong>LIECHTENSTEIN<\/strong><\/h6>\n<p>Theater am Kirchplatz Schaan<\/p>\n<h6><strong>FINLAND<\/strong><\/h6>\n<p>Kaapeli Helsinki<\/p>\n<h6><strong>SWEDEN<\/strong><\/h6>\n<p>H\u00e4rjedalens Kulturcentrum Lillh\u00e4rdal<\/p>\n<h6><strong>USA<\/strong><\/h6>\n<p>Feather Factory New York<br \/>\nDiapason Gallery New York<\/p>\n<h6><strong>CHINA<\/strong><\/h6>\n<p>Weltausstellung Shanghai, Spanischer Pavillon<\/p>\n<h6><strong>RUSSIA<\/strong><\/h6>\n<p>Plataforma Club St. Petersburg<br \/>\n[\/et_pb_text][\/et_pb_column][\/et_pb_row][\/et_pb_section]<\/p>\n","protected":false},"excerpt":{"rendered":"<p>SWITZERLAND Jazzfestival Willisau Jazzfestival Cully Jazzfestival Schaffhausen BeJazzfestival Bern Orbital Garden Bern Kulturcasino Bern French Church Bern Dampfzentrale Bern Zentrum Paul Klee Bern Kaufleuten Z\u00fcrich Moods Z\u00fcrich Theaterspektakel Z\u00fcrich Musikfestwoche [&hellip;]<\/p>\n","protected":false},"author":4,"featured_media":0,"parent":0,"menu_order":0,"comment_status":"closed","ping_status":"closed","template":"","meta":{"_et_pb_use_builder":"on","_et_pb_old_content":"","_et_gb_content_width":"","ngg_post_thumbnail":0,"footnotes":""},"class_list":["post-13335","page","type-page","status-publish","hentry"],"_links":{"self":[{"href":"https:\/\/www.anialosinger.com\/en\/wp-json\/wp\/v2\/pages\/13335","targetHints":{"allow":["GET"]}}],"collection":[{"href":"https:\/\/www.anialosinger.com\/en\/wp-json\/wp\/v2\/pages"}],"about":[{"href":"https:\/\/www.anialosinger.com\/en\/wp-json\/wp\/v2\/types\/page"}],"author":[{"embeddable":true,"href":"https:\/\/www.anialosinger.com\/en\/wp-json\/wp\/v2\/users\/4"}],"replies":[{"embeddable":true,"href":"https:\/\/www.anialosinger.com\/en\/wp-json\/wp\/v2\/comments?post=13335"}],"version-history":[{"count":0,"href":"https:\/\/www.anialosinger.com\/en\/wp-json\/wp\/v2\/pages\/13335\/revisions"}],"wp:attachment":[{"href":"https:\/\/www.anialosinger.com\/en\/wp-json\/wp\/v2\/media?parent=13335"}],"curies":[{"name":"wp","href":"https:\/\/api.w.org\/{rel}","templated":true}]}}