{"id":13280,"date":"2026-01-19T16:19:10","date_gmt":"2026-01-19T15:19:10","guid":{"rendered":"https:\/\/www.anialosinger.com\/xala-history-2\/"},"modified":"2026-02-24T09:09:43","modified_gmt":"2026-02-24T08:09:43","slug":"xala-history-2","status":"publish","type":"page","link":"https:\/\/www.anialosinger.com\/en\/xala-history-2\/","title":{"rendered":"Xala History"},"content":{"rendered":"<p>[et_pb_section fb_built=&#8221;1&#8243; admin_label=&#8221;section&#8221; _builder_version=&#8221;4.16&#8243; global_colors_info=&#8221;{}&#8221;][et_pb_row admin_label=&#8221;row&#8221; _builder_version=&#8221;4.16&#8243; background_size=&#8221;initial&#8221; background_position=&#8221;top_left&#8221; background_repeat=&#8221;repeat&#8221; global_colors_info=&#8221;{}&#8221;][et_pb_column type=&#8221;4_4&#8243; _builder_version=&#8221;4.16&#8243; custom_padding=&#8221;|||&#8221; global_colors_info=&#8221;{}&#8221; custom_padding__hover=&#8221;|||&#8221;][et_pb_heading title=&#8221;Xala History&#8221; _builder_version=&#8221;4.27.5&#8243; _module_preset=&#8221;default&#8221; title_font_size=&#8221;40px&#8221; global_colors_info=&#8221;{}&#8221;][\/et_pb_heading][et_pb_text admin_label=&#8221;Text&#8221; _builder_version=&#8221;4.27.5&#8243; background_size=&#8221;initial&#8221; background_position=&#8221;top_left&#8221; background_repeat=&#8221;repeat&#8221; global_colors_info=&#8221;{}&#8221;]<\/p>\n<p><a href=\"https:\/\/www.anialosinger.com\/wp-content\/uploads\/2013\/09\/Ania_Flamenca.jpg\"><img loading=\"lazy\" decoding=\"async\" class=\"size-medium wp-image-2385 alignleft\" src=\"https:\/\/www.anialosinger.com\/wp-content\/uploads\/2013\/09\/Ania_Flamenca-206x300.jpg\" alt=\"Ania_Flamenca\" width=\"206\" height=\"300\" srcset=\"https:\/\/www.anialosinger.com\/wp-content\/uploads\/2013\/09\/Ania_Flamenca-206x300.jpg 206w, https:\/\/www.anialosinger.com\/wp-content\/uploads\/2013\/09\/Ania_Flamenca.jpg 347w\" sizes=\"(max-width: 206px) 100vw, 206px\" \/><\/a>As a flamenco dancer and a rhythmic artist Ania Losinger has dedicated herself wholeheartedly to the fascinating undertaking of committing her entire body to the process of musical creation. The specially prepared wooden sounding board she dances upon becomes a membrane for her, the movements of her flamenco shoes with their associated footwork correspond in many ways to those of a drummer. The idea of becoming at the same time a dancer and musician becomes increasingly important. Through collaboration with Don Li she begins to find a new orientation both musically and in dance. She builds herself a dancing platform of different kinds of wood and metal plates (in part with the addition of sound pickups) and plays rhythmical patterns composed by Don Li on it.<br \/>It is during this time that she first becomes aware of the fact that the particular phrasing that is created by the interplay of weight and balance and the dancing of repetitive rhythms, yields her own, personal music .<br \/>From this awareness, the vision of an acoustic sounding floor which produces vibrant and tuned sounds that react to dynamic of movements and strokes, springs forth. The form of this sounding floor develops in collaboration with Hamper von Niederh\u00e4usern (1997-99).<br \/>After building several prototypes he produces sounding boards which are attached to a framework and which can carry the weight of a human body yet still produce sounds \u2013 the first XALA. While playing on the Xala with her flamenco shoes and man-high poles, Ania Losinger can visualize the music and inspire her audience to listen ever more intensely.<br \/>Self-portrayal in dance and in musical virtuosity is eliminated in favor of coordination, sensuality, precision, permeability, tension and concentration, which make the danced music resonate. The limitations in range, the individual characteristics of certain sound boards, the spatial limitations in reference to dance have an extremely positive effect on Ania\u2019s personal artistic expression.      <br \/><a href=\"https:\/\/www.anialosinger.com\/wp-content\/uploads\/2013\/09\/Bild1xalabaum_Sm.jpg\"><img loading=\"lazy\" decoding=\"async\" class=\"size-medium wp-image-2502 alignright\" src=\"https:\/\/www.anialosinger.com\/wp-content\/uploads\/2013\/09\/Bild1xalabaum_Sm-300x300.jpg\" alt=\"Bild1xalabaum_Sm\" width=\"300\" height=\"300\" srcset=\"https:\/\/www.anialosinger.com\/wp-content\/uploads\/2013\/09\/Bild1xalabaum_Sm-300x300.jpg 300w, https:\/\/www.anialosinger.com\/wp-content\/uploads\/2013\/09\/Bild1xalabaum_Sm-150x150.jpg 150w, https:\/\/www.anialosinger.com\/wp-content\/uploads\/2013\/09\/Bild1xalabaum_Sm.jpg 600w\" sizes=\"(max-width: 300px) 100vw, 300px\" \/><\/a>In 1999 the first solo performance (\u201cSoneto\u201c) is developed for the Xala I in collaboration with Christian Mattis, and performed in Switzerland, Germany and Italy. In 2001 Ania Losinger produces her first XALA-Solo-CD-Rom \u201cAnia Losinger XALA\u201d together with Swiss Radio DRS2 and Don Li. She appears under the label <a href=\"http:\/\/www.tonus-music-records.ch\" target=\"_blank\" rel=\"noopener\">Tonus-Music-Records<\/a>, whose products are marketed in many countries throughout the world.<br \/>Immediately afterwards Hamper von Niederh\u00e4usern and Hanspeter Ehrsam added microphones to the entire instrument (<a href=\"https:\/\/www.youtube.com\/watch?v=QdPRi-CQJi0\" target=\"_blank\" rel=\"noopener\">Xala I<\/a>) This entailed adding a pick-up with relative preamplifier to each of the 24 tones. With my digital mixer it is possible to finely tune each note by electronically accentuating particular frequencies and adding effects.\u2028<br \/>The Xala combines a mixture of archaic and highly developed technical knowledge in its method of construction, its amplification and the techniques used when playing it. In addition to Ania Losinger\u2019s own research on this new instrument, Don Li influences her style of playing through his compositions. On the other hand, the Xala itself, both as acoustic and visual instrument also significantly influences his compositions.\u2028This fruitful interaction leads not only to the productions with Xala as solo instrument such as Don Li\u2019s Speech-Pattern-Compositions \u201c<a href=\"https:\/\/www.youtube.com\/watch?v=J3n2UZyFWro\" target=\"_blank\" rel=\"noopener\">The Longest Journey<\/a>\u201d in New York 02, \u201cTime-Experience\u201d for the Jazzfestival in Willisau 03 and Jazzfestival Cully 04, but also to the one hour long composition \u201ctonus-music\u201d for XALA and symphony orchestra, directed by Kaspar Zehnder which premiered with great success in the Casino Theatre in Berne.       <br \/><a href=\"https:\/\/www.anialosinger.com\/wp-content\/uploads\/2013\/09\/Xala-Solo-Ulmer-Zelt-Juni-03.jpg\"><img loading=\"lazy\" decoding=\"async\" class=\"size-medium wp-image-2386 alignleft\" src=\"https:\/\/www.anialosinger.com\/wp-content\/uploads\/2013\/09\/Xala-Solo-Ulmer-Zelt-Juni-03-200x300.jpg\" alt=\"Xala-Solo-Ulmer-Zelt-Juni-03\" width=\"200\" height=\"300\" srcset=\"https:\/\/www.anialosinger.com\/wp-content\/uploads\/2013\/09\/Xala-Solo-Ulmer-Zelt-Juni-03-200x300.jpg 200w, https:\/\/www.anialosinger.com\/wp-content\/uploads\/2013\/09\/Xala-Solo-Ulmer-Zelt-Juni-03.jpg 341w\" sizes=\"(max-width: 200px) 100vw, 200px\" \/><\/a>The solo live-performance \u201cAnia Losinger XALA\u201d is performed in all of Europe.\u2028As a further documentation of the Xala the first XALA-Sound-\/ Photo (<a href=\"https:\/\/anialosinger.bandcamp.com\/merch\/limited-edition-dvd\" target=\"_blank\" rel=\"noopener\">DVD<\/a>) is released which focuses more on the visual aspects of this sounding floor. For this purpose Don Li wrote a one hour electronic surround composition for Xala and string quartett. (<a href=\"https:\/\/www.youtube.com\/watch?v=cI2nwKX2BbA&amp;hd=1\" target=\"_blank\" rel=\"noopener\">\u201cNew Ballet for XALA\u201c<\/a>).\u2028Pierre-Yves Borgeaud (winner of the Golden Leopard 03 in Locarno for video) takes on the direction of the film. His idea is to take advantage of the rarely used multi-angle technique for this film. This allows viewers to choose from interactive perspectives and image areas as the surround-music plays. The live-performance of <a href=\"https:\/\/www.youtube.com\/watch?v=6erCH24H96E\" target=\"_blank\" rel=\"noopener\">\u201cNew Ballet for Xala\u201d<\/a>&nbsp;was viewed by audiences at the Jazzfestival Schaffhausen 05, the Minimal-Music Festival in Kassel 05, BE Jazzfestival ir Bern 06 and in the USM-showroom in Manhattan NY 05.\u2028Thanks to the first concert tours and parallel to requests for workshops and seminars for teachers in music conservatores and music schools (Trossingen DE, Bern, Aargau, Solothurn) Hamper von Niederh\u00e4usern received contracts to build permanent Xala installations made of stone, metal and wood for educational institutions and social therapy centers. In time, not only the artistic potential of this instrument is recognized but also its therapeutic and educational potential.\u2028The new Xala (The Xala II) is completed in February of 2004. All the experience that Ania Losinger and Hamper von Niederh\u00e4usern have aquired has led to improvements in the quality of the sound spectrum, the fine-tuning of the overtones, the order of the notes and ease of transportation.     <br \/><img loading=\"lazy\" decoding=\"async\" class=\"size-medium wp-image-2537 alignright\" src=\"https:\/\/www.anialosinger.com\/wp-content\/uploads\/2013\/09\/USM_48-e1393339258815-199x300.jpg\" alt=\"USM_48\" width=\"199\" height=\"300\" srcset=\"https:\/\/www.anialosinger.com\/wp-content\/uploads\/2013\/09\/USM_48-e1393339258815-199x300.jpg 199w, https:\/\/www.anialosinger.com\/wp-content\/uploads\/2013\/09\/USM_48-e1393339258815-680x1024.jpg 680w, https:\/\/www.anialosinger.com\/wp-content\/uploads\/2013\/09\/USM_48-e1393339258815.jpg 2000w\" sizes=\"(max-width: 199px) 100vw, 199px\" \/>Ania Losinger begins an intense collaboration with the musician and composer Mats Eser (marimba\/percussion). In 2005 their first joint composition \u201c<a href=\"https:\/\/www.youtube.com\/watch?v=0R7lMW9SwNg\" target=\"_blank\" rel=\"noopener\">The Five Elements<\/a>\u201d is produced. The focus point of this five-piece concert performance is Ania Losinger\u2019s Xala II and Mats Eser\u2019s five-octave marimba. With this debut they immediately are able to create a distinct tonal universe that sparks enthusiasm in audiences and organizers both at home and abroad. (Festivals and concerts in Switzerland, Germany, Russia, Finland, Holland, Poland, Italy).<br \/>In 2007 Ania and Mats develop a concert performance for children and young adults commissioned by the city theatre in Winterthur, titled \u201cBeat, Ready and go!\u201d This performance contains first elements of music-theatre and is later developed and becomes <a href=\"https:\/\/www.anialosinger.com\/portfolio\/farbige-zeiten\/\" target=\"_blank\" rel=\"noopener\">Colorful Times or the invention of the fifth season<\/a> that is playes in Luxembourg. Together with actor and director Clo Bisaz they adapt the famous fairy-tale \u201cCinderella\u201d. The instruments that are developed especially for this performance are at the same time stage props made of sounding objects and the electro-acoustic danceable sounding floor TM-Xala (TM means Tanzmeter (Dance meter). After 2008 \u201cCinderella\u201d tours the whole of Europe. In 2009 \u201cTo the Beat of the Times\u201d premieres and their first music for film is composed for the documentary \u201cDIARIOS CINETICOS de una escultura de Angel Duarte\u201d by Carlos L\u00fcgstenmann.        <br \/><img loading=\"lazy\" decoding=\"async\" class=\"alignleft size-medium wp-image-2540\" src=\"https:\/\/www.anialosinger.com\/wp-content\/uploads\/2013\/09\/T5E_Kies1-300x199.jpg\" alt=\"T5E_Kies1\" width=\"300\" height=\"199\" srcset=\"https:\/\/www.anialosinger.com\/wp-content\/uploads\/2013\/09\/T5E_Kies1-300x199.jpg 300w, https:\/\/www.anialosinger.com\/wp-content\/uploads\/2013\/09\/T5E_Kies1-1024x680.jpg 1024w, https:\/\/www.anialosinger.com\/wp-content\/uploads\/2013\/09\/T5E_Kies1-624x414.jpg 624w, https:\/\/www.anialosinger.com\/wp-content\/uploads\/2013\/09\/T5E_Kies1.jpg 1560w\" sizes=\"(max-width: 300px) 100vw, 300px\" \/>In the premiere of the work for orchestra \u201c<a href=\"https:\/\/www.youtube.com\/watch?v=c0OlyjRVtps\" target=\"_blank\" rel=\"noopener\">Tonus-Music for Xala, Marimba and Orchestra<\/a>\u201d&nbsp; 2008 in Burgdorf directed by Bruno St\u00f6ckli the Xala I is once again played. The <a href=\"https:\/\/anialosinger.bandcamp.com\/album\/the-five-elements\" target=\"_blank\" rel=\"noopener\">CD production<\/a> \u201cThe Five Elements\u201d Vol. 1 with Xala II and marimba\/percussion is released in 2009 in Switzerland, Germany and Austria. A CD release tour througout Europe follows.\u2028Ania Losinger and Mats Eser are protagonists in the Swiss film \u201cB\u00f6d\u00e4l\u00e4-Dance the Rhythm\u201d&nbsp; directed by Gitta Gsell, which premieres in January of 2010 at the Solothurner Filmtagen film festival, wins the audience prize and then is shown in cinemas throughout Switzerland. After further film festivals such as Locarno and M\u00fcnchen <a href=\"https:\/\/b%C3%B6d%C3%A4l%C3%A4.ch\" target=\"_blank\" rel=\"noopener\">the film&nbsp;<\/a> is shown in theatres in Germany and Austria.\u2028At the beginning of 2010 Ania Losinger, Mats Eser and Hamper von Niederh\u00e4usern develop the Xala III. The Xala III is for the first time a airworthy instrument which can be taken apart and packed into five cases. It functions electroacustically and is a synthesis of Xala II and Dancemeter. In the summer of 2010 the duo Losinger-Eser flies to Shanghai with their instrument for the first time to take part in the World Exposition and play their new program \u201c<a href=\"https:\/\/www.youtube.com\/watch?v=FCJ-2s-39Qw\" target=\"_blank\" rel=\"noopener\">f\u00fa-danced Soundsculptures<\/a>\u201d &nbsp; (Xala III and Minimal-Percussion) in the Spanish pavillion for three weeks.\u2028Performances at home and abroad follow as well as a new premiere \u201c<a href=\"https:\/\/www.youtube.com\/watch?v=YyPuj8P5KmA\" target=\"_blank\" rel=\"noopener\">Shanghai Patterns<\/a>\u201d (SF 10vor10 Swiss News) played on Xala III and marimba\/percussion during the BE Jazz Winterfestival in Berne. In 2012, the premiere of \u201c<a href=\"https:\/\/www.youtube.com\/watch?v=hKSfSvUY3uc\" target=\"_blank\" rel=\"noopener\">Scope<\/a>\u201d&nbsp; with the Xala III and Fender Rhodes takes place in the Franz Gertsch museum in Burgdorf.     <\/p>\n<p>In 2014 the <a href=\"https:\/\/anialosinger.bandcamp.com\/merch\/cd-trilogy\" target=\"_blank\" rel=\"noopener\">CD Trilogy<\/a> with Xala III (F\u00fa, Shanghai Patterns, Scope) is released.<\/p>\n<p>2015 gr\u00fcnden Ania Losinger und Mats Eser zusammen mit Bj\u00f6rn Meyer und Chrigel &#8220;Tian&#8221; Bosshard die Band <a href=\"http:\/\/www.nen-music.com\" target=\"_blank\" rel=\"noopener\">NEN [e]merging structures &#8211; hypnotic soundscapes <\/a>.&nbsp;&nbsp;NEN plays at festivals and in clubs in Switzerland, Germany and Italy. The music of this band is published on Bandcamp. &nbsp;<a href=\"https:\/\/nen-music.bandcamp.com\" target=\"_blank\" rel=\"noopener\">nen-music.bandcamp.com<\/a>.<\/p>\n<p>In 2017, the composition <a href=\"https:\/\/www.anialosinger.com\/portfolio\/music-for-an-open-space\/\" target=\"_blank\" rel=\"noopener\">Music for an Open Space<\/a> premieres at the Festival for European Church Music in Schw\u00e4bisch Gm\u00fcnd. Since its debut, The Five Elements, once again becomes a composition for the purely acoustic instruments Xala II and marimba\/percussion. The world premiere of the arrangement of this work for xala, marimba and orchestra, <a href=\"https:\/\/vimeo.com\/289906123\/263f218c43\" target=\"_blank\" rel=\"noopener\">Open Space Suite<\/a>, follows in 2018.  <\/p>\n<p>Die Zuwendung zu akustischen Kl\u00e4ngen und Raumkl\u00e4ngen, bringt die Begegnung mit dem Stahlcello-Spieler und Obertons\u00e4nger Jan Heinke. Mit ihm realisieren sie die <a href=\"https:\/\/anialosinger.bandcamp.com\/album\/the-lugano-session\" target=\"_blank\" rel=\"noopener\">LP\/CD<\/a> Produktion \u201cThe Lugano Session\u201d&nbsp; (Co-Produktion mit dem RSI Lugano) und gr\u00fcnden das Trio <a href=\"http:\/\/www.aer-music.net\" target=\"_blank\" rel=\"noopener\">A\u00cbR<\/a>. <\/p>\n<p>Swiss radio magazine (Schweizer Radiomagazin): <em>&#8220;&#8230; layers of sound and rhythms overlap to create compositions in the tradition of minimal music, yet enchantingly renewed and without any mechanical elements. Ania Losinger dances on her floor xylophone Xala, coaxing warm tones from it, vibrating in the sound of steel cello (Jan Heinke) and marimba (Mats Eser). The Bernese dancer, a pure physical presence on stage, becomes part of an invisibly floating sound mobile on the CD production&#8230;&#8221;<\/em><\/p>\n<p>The duo Losinger-Eser composes the theatre music for the Christmas fairy tale <a href=\"https:\/\/buehnenbern.ch\/spielplan\/programm\/momo\/\" target=\"_blank\" rel=\"noopener\">MOMO<\/a> at the Stadttheater Bern. They are involved in the production as musicians, embodying the era with their sound and playing live. The MOMO soundtrack is available on <a href=\"https:\/\/anialosinger.bandcamp.com\/album\/momo\" target=\"_blank\" rel=\"noopener\">CD<\/a>.  <\/p>\n<p>To mark the twentieth anniversary of Xala, a series of concerts featuring numerous world premieres take place at the Orbital Garden in Bern, <a href=\"https:\/\/www.anialosinger.com\/portfolio\/the-xala-matrix-generating-sounds-in-space-since-1999\/\" target=\"_blank\" rel=\"noopener\">The Xala Matrix.<\/a><\/p>\n<p>[\/et_pb_text][\/et_pb_column][\/et_pb_row][\/et_pb_section]<\/p>\n","protected":false},"excerpt":{"rendered":"<p>As a flamenco dancer and a rhythmic artist Ania Losinger has dedicated herself wholeheartedly to the fascinating undertaking of committing her entire body to the process of musical creation. The [&hellip;]<\/p>\n","protected":false},"author":2,"featured_media":0,"parent":0,"menu_order":0,"comment_status":"closed","ping_status":"closed","template":"","meta":{"_et_pb_use_builder":"on","_et_pb_old_content":"","_et_gb_content_width":"","ngg_post_thumbnail":0,"footnotes":""},"class_list":["post-13280","page","type-page","status-publish","hentry"],"_links":{"self":[{"href":"https:\/\/www.anialosinger.com\/en\/wp-json\/wp\/v2\/pages\/13280","targetHints":{"allow":["GET"]}}],"collection":[{"href":"https:\/\/www.anialosinger.com\/en\/wp-json\/wp\/v2\/pages"}],"about":[{"href":"https:\/\/www.anialosinger.com\/en\/wp-json\/wp\/v2\/types\/page"}],"author":[{"embeddable":true,"href":"https:\/\/www.anialosinger.com\/en\/wp-json\/wp\/v2\/users\/2"}],"replies":[{"embeddable":true,"href":"https:\/\/www.anialosinger.com\/en\/wp-json\/wp\/v2\/comments?post=13280"}],"version-history":[{"count":0,"href":"https:\/\/www.anialosinger.com\/en\/wp-json\/wp\/v2\/pages\/13280\/revisions"}],"wp:attachment":[{"href":"https:\/\/www.anialosinger.com\/en\/wp-json\/wp\/v2\/media?parent=13280"}],"curies":[{"name":"wp","href":"https:\/\/api.w.org\/{rel}","templated":true}]}}