{"id":13200,"date":"2026-01-19T15:16:15","date_gmt":"2026-01-19T14:16:15","guid":{"rendered":"https:\/\/www.anialosinger.com\/links\/"},"modified":"2026-01-19T15:21:31","modified_gmt":"2026-01-19T14:21:31","slug":"links","status":"publish","type":"page","link":"https:\/\/www.anialosinger.com\/en\/links\/","title":{"rendered":"Links"},"content":{"rendered":"<p>[et_pb_section fb_built=&#8221;1&#8243; admin_label=&#8221;section&#8221; _builder_version=&#8221;4.16&#8243; global_colors_info=&#8221;{}&#8221;][et_pb_row admin_label=&#8221;row&#8221; _builder_version=&#8221;4.16&#8243; background_size=&#8221;initial&#8221; background_position=&#8221;top_left&#8221; background_repeat=&#8221;repeat&#8221; global_colors_info=&#8221;{}&#8221;][et_pb_column type=&#8221;4_4&#8243; _builder_version=&#8221;4.16&#8243; custom_padding=&#8221;|||&#8221; global_colors_info=&#8221;{}&#8221; custom_padding__hover=&#8221;|||&#8221;][et_pb_heading title=&#8221;Links&#8221; _builder_version=&#8221;4.27.5&#8243; _module_preset=&#8221;default&#8221; title_font_size=&#8221;40px&#8221; global_colors_info=&#8221;{}&#8221;][\/et_pb_heading][et_pb_text _builder_version=&#8221;4.27.5&#8243; background_size=&#8221;initial&#8221; background_position=&#8221;top_left&#8221; background_repeat=&#8221;repeat&#8221; global_colors_info=&#8221;{}&#8221;]<\/p>\n<ul>\n<li><a href=\"http:\/\/www.matseser.com\" target=\"_blank\" rel=\"noopener noreferrer\">Mats Eser<\/a><\/li>\n<li><a title=\"Tonus Music Records\" href=\"https:\/\/tonus-music-records.bandcamp.com\" target=\"_blank\" rel=\"noopener noreferrer\">Tonus Music Records on Bandcamp<\/a><\/li>\n<li><a href=\"http:\/\/www.nen-music.com\" target=\"_blank\" rel=\"noopener noreferrer\">NEN<\/a><\/li>\n<li><a href=\"https:\/\/nen-music.bandcamp.com\" target=\"_blank\" rel=\"noopener noreferrer\">NEN on Bandcamp<\/a><\/li>\n<li><a href=\"http:\/\/aer-music.net\">A\u00cbR<\/a><\/li>\n<li><a href=\"https:\/\/theluganosession.bandcamp.com\/releases\" target=\"_blank\" rel=\"noopener noreferrer\">A\u00cbR on Bandcamp<\/a><\/li>\n<li><a title=\"wemakeit\" href=\"https:\/\/wemakeit.com\/projects\/jan-heinke-solo-album\">Jan Heinke on wemakeit<\/a><\/li>\n<li><a href=\"https:\/\/chrononaut.art\" target=\"_blank\" rel=\"noopener noreferrer\">Jan Heinke<\/a><\/li>\n<li><a title=\"Hamper von Niederh\u00e4usern\" href=\"http:\/\/www.vonie.ch\" target=\"_blank\" rel=\"noopener noreferrer\">Instruments by Hamper von Niederh\u00e4usern<\/a><\/li>\n<li><a title=\"Orbital Garden\" href=\"http:\/\/www.orbitalgarden.com\" target=\"_blank\" rel=\"noopener noreferrer\">Orbital Garden<\/a><\/li>\n<li><a href=\"https:\/\/www.nomelodyradio.com\">No melody Radio<\/a><\/li>\n<\/ul>\n<p>&nbsp;<\/p>\n<p>[\/et_pb_text][\/et_pb_column][\/et_pb_row][\/et_pb_section]<\/p>\n","protected":false},"excerpt":{"rendered":"<p>Mats Eser Tonus Music Records on Bandcamp NEN NEN on Bandcamp A\u00cbR A\u00cbR on Bandcamp Jan Heinke on wemakeit Jan Heinke Instruments by Hamper von Niederh\u00e4usern Orbital Garden No melody [&hellip;]<\/p>\n","protected":false},"author":2,"featured_media":0,"parent":0,"menu_order":0,"comment_status":"closed","ping_status":"closed","template":"","meta":{"_et_pb_use_builder":"on","_et_pb_old_content":"","_et_gb_content_width":"","ngg_post_thumbnail":0,"footnotes":""},"class_list":["post-13200","page","type-page","status-publish","hentry"],"_links":{"self":[{"href":"https:\/\/www.anialosinger.com\/en\/wp-json\/wp\/v2\/pages\/13200","targetHints":{"allow":["GET"]}}],"collection":[{"href":"https:\/\/www.anialosinger.com\/en\/wp-json\/wp\/v2\/pages"}],"about":[{"href":"https:\/\/www.anialosinger.com\/en\/wp-json\/wp\/v2\/types\/page"}],"author":[{"embeddable":true,"href":"https:\/\/www.anialosinger.com\/en\/wp-json\/wp\/v2\/users\/2"}],"replies":[{"embeddable":true,"href":"https:\/\/www.anialosinger.com\/en\/wp-json\/wp\/v2\/comments?post=13200"}],"version-history":[{"count":0,"href":"https:\/\/www.anialosinger.com\/en\/wp-json\/wp\/v2\/pages\/13200\/revisions"}],"wp:attachment":[{"href":"https:\/\/www.anialosinger.com\/en\/wp-json\/wp\/v2\/media?parent=13200"}],"curies":[{"name":"wp","href":"https:\/\/api.w.org\/{rel}","templated":true}]}}