{"id":13137,"date":"2026-01-19T14:17:03","date_gmt":"2026-01-19T13:17:03","guid":{"rendered":"https:\/\/www.anialosinger.com\/duo-losinger-eser-2\/"},"modified":"2026-04-13T19:19:24","modified_gmt":"2026-04-13T17:19:24","slug":"duo-losinger-eser-2","status":"publish","type":"page","link":"https:\/\/www.anialosinger.com\/en\/duo-losinger-eser-2\/","title":{"rendered":"Duo Losinger Eser"},"content":{"rendered":"<p>[et_pb_section fb_built=&#8221;1&#8243; admin_label=&#8221;section&#8221; _builder_version=&#8221;4.16&#8243; global_colors_info=&#8221;{}&#8221;][et_pb_row admin_label=&#8221;row&#8221; _builder_version=&#8221;4.16&#8243; background_size=&#8221;initial&#8221; background_position=&#8221;top_left&#8221; background_repeat=&#8221;repeat&#8221; global_colors_info=&#8221;{}&#8221;][et_pb_column type=&#8221;4_4&#8243; _builder_version=&#8221;4.16&#8243; custom_padding=&#8221;|||&#8221; global_colors_info=&#8221;{}&#8221; custom_padding__hover=&#8221;|||&#8221;][et_pb_heading title=&#8221;Duo Losinger-Eser&#8221; _builder_version=&#8221;4.27.5&#8243; _module_preset=&#8221;default&#8221; title_font_size=&#8221;40px&#8221; global_colors_info=&#8221;{}&#8221;][\/et_pb_heading][et_pb_image src=&#8221;https:\/\/www.anialosinger.com\/wp-content\/uploads\/2026\/04\/10-_DSC1123.jpg&#8221; title_text=&#8221;10-_DSC1123&#8243; _builder_version=&#8221;4.27.6&#8243; _module_preset=&#8221;default&#8221; global_colors_info=&#8221;{}&#8221;][\/et_pb_image][et_pb_text admin_label=&#8221;Text&#8221; _builder_version=&#8221;4.27.5&#8243; background_size=&#8221;initial&#8221; background_position=&#8221;top_left&#8221; background_repeat=&#8221;repeat&#8221; global_colors_info=&#8221;{}&#8221;]<\/p>\n<p><span style=\"font-size: 1.0625rem; letter-spacing: 0.2px;\"><span style=\"font-size: 1.0625rem; letter-spacing: 0.2px;\">Ania Losinger and Mats Eser live and work in an atelier\/home situated on the southern slopes of the Jura mountains in the canton of Berne, Switzerland. They begin their intensive collaboration in the year 2005 and develop their own artistic ideas and concepts which are translated into concert performances, compositions or music-theater pieces which are performed on an international stage. They compose their first collaborative work \u201cThe Five Elements\u201d. Central to this five-part concert performance are Ania Losinger\u2019s Xala II and Mats Eser\u2019s five-octave marimba. With this debut, they are immediately able to create an unmistakable universe of sound that instantly enthralls the public both at home and abroad (Festivals and Concerts in Switzerland, Germany, Russia, Finland, Holland, Poland, Italy and Belgium). The Five Elements was released on CD in 2009<\/span><\/span> (<a href=\"https:\/\/anialosinger.bandcamp.com\/album\/the-five-elements\" target=\"_blank\" rel=\"noopener\" title=\"CD-Production\">Tonus-Music-Records<\/a>).<\/p>\n<p>The intense collaboration between the two musicians induces them to go through a phase of music-theater performances. They create and play several music-theater pieces intended both for a young audience and for adults, performing in theaters in all of Europe (e.g. <a href=\"https:\/\/www.youtube.com\/watch?v=cdM_H6TbwJ8\" target=\"_blank\" rel=\"noopener\">Farbige Zeiten<\/a> at the Philharmonie Luxembourg). At the same time they compose music for films and end up starring in the successful 2010 Swiss film <a href=\"https:\/\/www.youtube.com\/watch?v=kazC3ocqgEo\" target=\"_blank\" rel=\"noopener\">B\u00f6d\u00e4l\u00e4 \u2013 Dance the Rhythm<\/a>\u201d that is shown in cinemas throughout Switzerland, Germany and Austria.  <\/p>\n<p>Further development of the Xala becomes once more a priority when the organizers of the Spanish Pavilion in the World Exhibition in Shanghai decide to invite the artists to perform a Xala production there. Ania Losinger, Mats Eser and Hamper von Niederh\u00e4usern plan and develop a third Xala. The duo Losinger-Eser plays their new program, F\u00da \u2013 Danced Sounsculptures in Shanghai for a month using the Xala III and a minimal percussion set.<br \/>KuL: <em>\u201c\u2026With calligraphic precision and undivided attention they connect dance, sound and rhythm in a suite made of finest miniatures, secretive, fascinating and poetic. Each Soundsculpture stands alone and yet one vibrates to the sound of the other and stays connected \u2013 visible as though seen through opaque and shimmering rice paper\u2026\u201d<\/em>  <\/p>\n<p>The impressions the duo gather during their time in this metropolis are further processed and give life to their next production: \u201c<a href=\"https:\/\/www.youtube.com\/watch?v=6b25sGJu7Gk\" target=\"_blank\" rel=\"noopener\">Shanghai Patterns<\/a>\u201d. Original Chinese percussion instruments weave their way through the piece, blending with the highly modern soundscape created by the Xala III and the marimba. The piece premieres at the BeJazz Winterfestival in Bern in 2011.<br \/>BZ: \u201c\u2026<em>Complete perfection. A woman, a man and their artistic creation. Astonishment is part of the experience when one sees Ania Losinger dancing on the sounding stage that she herself invented, surrounded by cascades of sound produced by Mats Eser\u2019s marimba which flow like mountain streams or the roar of traffic in the megalopolis<\/em> \u2026\u201d  <\/p>\n<p>During their research on sound and rhythm, Ania Losinger and Mats Eser discover the wonderful combination of Xala III and Fender Rhodes. From this springs their program \u201cScope\u201d which premiers in 2012 in the <a href=\"https:\/\/www.facebook.com\/museumfranzgertsch\/videos\/ania-losinger-scope-museum-franz-gertsch\/966029783429947\/\" target=\"_blank\" rel=\"noopener\">Franz Gertsch Museum<\/a> in Burgdorf.<br \/>In 2014 a comprehensive <a href=\"https:\/\/anialosinger.bandcamp.com\/merch\/cd-trilogy\" target=\"_blank\" rel=\"noopener\">CD-Trilogy<\/a> is released which includes the music of F\u00da, SHANGHAI PATTERNS and SCOPE. CD release tours throughout Europe follow hard on the heels of the CD publication.<br \/>BZ: \u201c\u2026<em>SCOPE by the sound dancer, Ania Losinger and multi-instrumentalist Mats Eser, is an ever-changing acoustic experience\u2026 the two musicians were never as perfectly amalgamated as now. Only out of such unity can diversity be possible, a game of styles, harmonies and metrics that lead to reverberant compositions\u2026\u201d<\/em>  <\/p>\n<p>Commissioned compositions develop into collaboration with orchestras (Tonus-Music for Xala, Marimba and Orchestra) and strings (<a href=\"https:\/\/www.youtube.com\/watch?v=IBJyDmK9VOw\" target=\"_blank\" rel=\"noopener\">F\u00da&amp;Strings<\/a>).<br \/>In 2015 Ania Losinger and Mats Eser found their first instrumental band: <a href=\"https:\/\/www.nen-music.com\" target=\"_blank\" rel=\"noopener\">NEN<\/a>. Xala III and Fender Rhodes blend with base and drums in a congenial and virtuoso interaction. A completely new cosmos of sound which doesn\u2019t belong to any stylistic niche opens up. It will be exciting to watch where this 3-musician and one dancing-musician band will go in the future.  <\/p>\n<p>A new horizon in artistic development has opened up thanks to the co-productions involving dance companies for which Losinger and Eser compose and perform, acting as a live orchestra for the modern dancers (<a href=\"https:\/\/hermesdance.com\/project\/cc17\/\" target=\"_blank\" rel=\"noopener\">hermesdance<\/a>, <a href=\"http:\/\/www.teatrodanza.ch\/shanghai.htm\" target=\"_blank\" rel=\"noopener\">Cie Tiziana Arnaboldi<\/a>). The melding of music and dance that Ania has been able to achieve thanks to her Xala, is palpapble and expands energetically within the space thanks to her connection with the dancers. <\/p>\n<p><a href=\"https:\/\/www.youtube.com\/watch?v=Or0AMvSEtjU\">Music for an Open Space<\/a> is the most recent production of the Duo Losinger-Eser. With this work they once again dedicate themselves exclusively to the acoustic intruments Xala II and marimba\/percussion. The focus is on large echoing spaces which is woven into the composition as though it were a third musician. This is followed by an arrangement for xala, marimba, and orchestra <a href=\"https:\/\/vimeo.com\/manage\/videos\/289906123\" target=\"_blank\" rel=\"noopener\">Open Space Suite<\/a>.   <\/p>\n<p>The move towards acoustic and spatial sounds, brings with it the encounter with the steel cello player and overtone singer Jan Heinke. With him they produce their first <a href=\"https:\/\/anialosinger.bandcamp.com\/album\/the-lugano-session\" target=\"_blank\" rel=\"noopener\">Vinyl Production<\/a> \u201cThe Lugano Session\u201d (co-produced with RSI Lugano) and found the trio <a href=\"http:\/\/www.aer-music.net\" target=\"_blank\" rel=\"noopener\">A\u00cbR<\/a> . <\/p>\n<p>Swiss radio magazine (Schweizer Radiomagazin): <em>&#8220;&#8230; layers of sound and rhythms overlap to create compositions in the tradition of minimal music, yet enchantingly renewed and without any mechanical elements. Ania Losinger dances on her floor xylophone Xala, coaxing warm tones from it, vibrating in the sound of steel cello (Jan Heinke) and marimba (Mats Eser). The Bernese dancer, a pure physical presence on stage, becomes part of an invisibly floating sound mobile on the CD production&#8230;&#8221;<\/em><\/p>\n<p>The duo Losinger-Eser composes the theatre music for the Christmas fairy tale <a href=\"https:\/\/buehnenbern.ch\/spielplan\/programm\/momo\/\" target=\"_blank\" rel=\"noopener\">MOMO<\/a> at the Stadttheater Bern. They are involved in the production as musicians, embodying the era with their sound and playing live. The MOMO soundtrack is available on <a href=\"https:\/\/anialosinger.bandcamp.com\/album\/momo\" target=\"_blank\" rel=\"noopener\">CD<\/a>.  <\/p>\n<p>To mark the twentieth anniversary of Xala, a series of concerts featuring numerous world premieres take place at the Orbital Garden in Bern, <a href=\"https:\/\/www.anialosinger.com\/portfolio\/the-xala-matrix-generating-sounds-in-space-since-1999\/\" target=\"_blank\" rel=\"noopener\">The Xala Matrix.<\/a><\/p>\n<p>Ania Losinger and Mats Eser give <a href=\"https:\/\/www.anialosinger.com\/en\/workshops\/\" target=\"_blank\" rel=\"noopener\">Workshops<\/a>, also they are launching the <g id=\"gid_1\">RUMI CONCERTS<\/g> series at Atelierhaus Rumisberg. With <g id=\"gid_2\">RUMI INSIGHTS<\/g>, they are opening up the space for interested parties to gain an insight into their work in small groups. In addition to trying out Xalas and other exclusive percussion instruments, this also includes (re)discovering their own rhythmic structures in terms of sound or dance, developing ideas for live performances together. <\/p>\n\n<p>[\/et_pb_text][\/et_pb_column][\/et_pb_row][\/et_pb_section][et_pb_section fb_built=&#8221;1&#8243; module_id=&#8221;main-footer&#8221; _builder_version=&#8221;4.27.4&#8243; _module_preset=&#8221;default&#8221; custom_margin=&#8221;0px||75px||false|false&#8221; custom_padding=&#8221;20px||20px||true|false&#8221; global_colors_info=&#8221;{}&#8221;][et_pb_row _builder_version=&#8221;4.27.4&#8243; _module_preset=&#8221;default&#8221; custom_margin=&#8221;0px||0px||true|false&#8221; custom_padding=&#8221;0px||0px||true|false&#8221; global_colors_info=&#8221;{}&#8221;][et_pb_column type=&#8221;4_4&#8243; _builder_version=&#8221;4.27.4&#8243; _module_preset=&#8221;default&#8221; global_colors_info=&#8221;{}&#8221;][et_pb_menu menu_id=&#8221;81&#8243; active_link_color=&#8221;#000000&#8243; module_class=&#8221;vertical-social-menu&#8221; _builder_version=&#8221;4.27.5&#8243; _module_preset=&#8221;default&#8221; menu_font=&#8221;Sk-Modernist Typeface Bold|&#8211;et_global_body_font_weight|||||||&#8221; menu_font_size=&#8221;12px&#8221; global_colors_info=&#8221;{}&#8221;][\/et_pb_menu][et_pb_text module_class=&#8221;vertical-back-to-top&#8221; _builder_version=&#8221;4.27.5&#8243; _module_preset=&#8221;default&#8221; text_font=&#8221;Sk-Modernist Typeface Bold|&#8211;et_global_heading_font_weight|||||||&#8221; text_font_size=&#8221;12px&#8221; global_colors_info=&#8221;{}&#8221;]<a href=\"#top\">nach oben &gt;<\/a>[\/et_pb_text][et_pb_text _builder_version=&#8221;4.27.5&#8243; _module_preset=&#8221;default&#8221; header_6_letter_spacing=&#8221;0.2px&#8221; custom_margin=&#8221;||0px||false|false&#8221; custom_padding=&#8221;||0px||false|false&#8221; global_colors_info=&#8221;{}&#8221;]<\/p>\n<h1>Ania Losinger<\/h1>\n<h6>Impressum | <a href=\"https:\/\/www.anialosinger.com\/en\/privacy-policy\/\">Datenschutzerkl\u00e4rung<\/a><\/h6>\n<p>[\/et_pb_text][et_pb_image src=&#8221;https:\/\/www.anialosinger.com\/wp-content\/uploads\/2019\/01\/Sponsoren_2019.jpg&#8221; title_text=&#8221;Sponsoren_2019&#8243; _builder_version=&#8221;4.27.4&#8243; _module_preset=&#8221;default&#8221; max_width=&#8221;400px&#8221; global_colors_info=&#8221;{}&#8221;][\/et_pb_image][\/et_pb_column][\/et_pb_row][\/et_pb_section]<\/p>\n","protected":false},"excerpt":{"rendered":"<p>Ania Losinger and Mats Eser live and work in an atelier\/home situated on the southern slopes of the Jura mountains in the canton of Berne, Switzerland. They begin their intensive [&hellip;]<\/p>\n","protected":false},"author":2,"featured_media":0,"parent":0,"menu_order":0,"comment_status":"closed","ping_status":"closed","template":"","meta":{"_et_pb_use_builder":"on","_et_pb_old_content":"","_et_gb_content_width":"","ngg_post_thumbnail":0,"footnotes":""},"class_list":["post-13137","page","type-page","status-publish","hentry"],"_links":{"self":[{"href":"https:\/\/www.anialosinger.com\/en\/wp-json\/wp\/v2\/pages\/13137","targetHints":{"allow":["GET"]}}],"collection":[{"href":"https:\/\/www.anialosinger.com\/en\/wp-json\/wp\/v2\/pages"}],"about":[{"href":"https:\/\/www.anialosinger.com\/en\/wp-json\/wp\/v2\/types\/page"}],"author":[{"embeddable":true,"href":"https:\/\/www.anialosinger.com\/en\/wp-json\/wp\/v2\/users\/2"}],"replies":[{"embeddable":true,"href":"https:\/\/www.anialosinger.com\/en\/wp-json\/wp\/v2\/comments?post=13137"}],"version-history":[{"count":7,"href":"https:\/\/www.anialosinger.com\/en\/wp-json\/wp\/v2\/pages\/13137\/revisions"}],"predecessor-version":[{"id":14667,"href":"https:\/\/www.anialosinger.com\/en\/wp-json\/wp\/v2\/pages\/13137\/revisions\/14667"}],"wp:attachment":[{"href":"https:\/\/www.anialosinger.com\/en\/wp-json\/wp\/v2\/media?parent=13137"}],"curies":[{"name":"wp","href":"https:\/\/api.w.org\/{rel}","templated":true}]}}